{"id":48547,"date":"2022-12-12T08:00:23","date_gmt":"2022-12-12T08:00:23","guid":{"rendered":"https:\/\/monday.com\/p\/about-br\/"},"modified":"2026-01-08T07:57:47","modified_gmt":"2026-01-08T07:57:47","slug":"about","status":"publish","type":"page","link":"https:\/\/monday.com\/p\/pt-br\/about\/","title":{"rendered":"About &#8211; BR"},"content":{"rendered":"","protected":false},"excerpt":{"rendered":"","protected":false},"author":2,"featured_media":0,"parent":0,"menu_order":0,"comment_status":"closed","ping_status":"closed","template":"pages\/about-new.php","meta":{"_acf_changed":false,"inline_featured_image":false,"footnotes":""},"class_list":["post-48547","page","type-page","status-publish","hentry"],"acf":[],"yoast_head":"<!-- This site is optimized with the Yoast SEO plugin v25.2 - https:\/\/yoast.com\/wordpress\/plugins\/seo\/ -->\n<title>Nossa hist\u00f3ria - monday.com<\/title>\n<meta name=\"description\" content=\"A monday.com \u00e9 uma ferramenta que transforma a maneira como as equipes trabalham juntas. Nossa miss\u00e3o \u00e9 apoiar as empresas na constru\u00e7\u00e3o de uma cultura de transpar\u00eancia, capacitando todos a alcan\u00e7ar melhores resultados e serem mais felizes no trabalho. Somos movidos pela busca constante por excel\u00eancia e temos como objetivo criar uma ferramenta que as pessoas realmente amem usar.\" \/>\n<meta name=\"robots\" content=\"index, follow, max-snippet:-1, max-image-preview:large, max-video-preview:-1\" \/>\n<link rel=\"canonical\" href=\"https:\/\/monday.com\/p\/pt-br\/about\/\" \/>\n<meta property=\"og:locale\" content=\"pt_BR\" \/>\n<meta property=\"og:type\" content=\"article\" \/>\n<meta property=\"og:title\" content=\"Nossa hist\u00f3ria - monday.com\" \/>\n<meta property=\"og:description\" content=\"A monday.com \u00e9 uma ferramenta que transforma a maneira como as equipes trabalham juntas. Nossa miss\u00e3o \u00e9 apoiar as empresas na constru\u00e7\u00e3o de uma cultura de transpar\u00eancia, capacitando todos a alcan\u00e7ar melhores resultados e serem mais felizes no trabalho. Somos movidos pela busca constante por excel\u00eancia e temos como objetivo criar uma ferramenta que as pessoas realmente amem usar.\" \/>\n<meta property=\"og:url\" content=\"https:\/\/monday.com\/p\/pt-br\/about\/\" \/>\n<meta property=\"og:site_name\" content=\"monday.com\" \/>\n<meta property=\"article:modified_time\" content=\"2026-01-08T07:57:47+00:00\" \/>\n<meta property=\"og:image\" content=\"https:\/\/monday.com\/p\/wp-content\/uploads\/2020\/07\/monday-200x200-1.png\" \/>\n\t<meta property=\"og:image:width\" content=\"200\" \/>\n\t<meta property=\"og:image:height\" content=\"200\" \/>\n\t<meta property=\"og:image:type\" content=\"image\/png\" \/>\n<meta name=\"twitter:card\" content=\"summary_large_image\" \/>\n<script type=\"application\/ld+json\" class=\"yoast-schema-graph\">{\"@context\":\"https:\/\/schema.org\",\"@graph\":[{\"@type\":\"WebPage\",\"@id\":\"https:\/\/monday.com\/p\/pt-br\/about\/\",\"url\":\"https:\/\/monday.com\/p\/pt-br\/about\/\",\"name\":\"Nossa hist\u00f3ria - monday.com\",\"isPartOf\":{\"@id\":\"https:\/\/monday.com\/p\/pt-br\/#website\"},\"datePublished\":\"2022-12-12T08:00:23+00:00\",\"dateModified\":\"2026-01-08T07:57:47+00:00\",\"description\":\"A monday.com \u00e9 uma ferramenta que transforma a maneira como as equipes trabalham juntas. Nossa miss\u00e3o \u00e9 apoiar as empresas na constru\u00e7\u00e3o de uma cultura de transpar\u00eancia, capacitando todos a alcan\u00e7ar melhores resultados e serem mais felizes no trabalho. Somos movidos pela busca constante por excel\u00eancia e temos como objetivo criar uma ferramenta que as pessoas realmente amem usar.\",\"breadcrumb\":{\"@id\":\"https:\/\/monday.com\/p\/pt-br\/about\/#breadcrumb\"},\"inLanguage\":\"pt-BR\",\"potentialAction\":[{\"@type\":\"ReadAction\",\"target\":[\"https:\/\/monday.com\/p\/pt-br\/about\/\"]}]},{\"@type\":\"BreadcrumbList\",\"@id\":\"https:\/\/monday.com\/p\/pt-br\/about\/#breadcrumb\",\"itemListElement\":[{\"@type\":\"ListItem\",\"position\":1,\"name\":\"Home\",\"item\":\"https:\/\/monday.com\/p\/pt-br\/\"},{\"@type\":\"ListItem\",\"position\":2,\"name\":\"About - BR\"}]},{\"@type\":\"WebSite\",\"@id\":\"https:\/\/monday.com\/p\/pt-br\/#website\",\"url\":\"https:\/\/monday.com\/p\/pt-br\/\",\"name\":\"monday.com\",\"description\":\"\",\"potentialAction\":[{\"@type\":\"SearchAction\",\"target\":{\"@type\":\"EntryPoint\",\"urlTemplate\":\"https:\/\/monday.com\/p\/pt-br\/?s={search_term_string}\"},\"query-input\":{\"@type\":\"PropertyValueSpecification\",\"valueRequired\":true,\"valueName\":\"search_term_string\"}}],\"inLanguage\":\"pt-BR\"}]}<\/script>\n<!-- \/ Yoast SEO plugin. -->","yoast_head_json":{"title":"Nossa hist\u00f3ria - monday.com","description":"A monday.com \u00e9 uma ferramenta que transforma a maneira como as equipes trabalham juntas. Nossa miss\u00e3o \u00e9 apoiar as empresas na constru\u00e7\u00e3o de uma cultura de transpar\u00eancia, capacitando todos a alcan\u00e7ar melhores resultados e serem mais felizes no trabalho. Somos movidos pela busca constante por excel\u00eancia e temos como objetivo criar uma ferramenta que as pessoas realmente amem usar.","robots":{"index":"index","follow":"follow","max-snippet":"max-snippet:-1","max-image-preview":"max-image-preview:large","max-video-preview":"max-video-preview:-1"},"canonical":"https:\/\/monday.com\/p\/pt-br\/about\/","og_locale":"pt_BR","og_type":"article","og_title":"Nossa hist\u00f3ria - monday.com","og_description":"A monday.com \u00e9 uma ferramenta que transforma a maneira como as equipes trabalham juntas. Nossa miss\u00e3o \u00e9 apoiar as empresas na constru\u00e7\u00e3o de uma cultura de transpar\u00eancia, capacitando todos a alcan\u00e7ar melhores resultados e serem mais felizes no trabalho. Somos movidos pela busca constante por excel\u00eancia e temos como objetivo criar uma ferramenta que as pessoas realmente amem usar.","og_url":"https:\/\/monday.com\/p\/pt-br\/about\/","og_site_name":"monday.com","article_modified_time":"2026-01-08T07:57:47+00:00","og_image":[{"width":200,"height":200,"url":"https:\/\/monday.com\/p\/wp-content\/uploads\/2020\/07\/monday-200x200-1.png","type":"image\/png"}],"twitter_card":"summary_large_image","schema":{"@context":"https:\/\/schema.org","@graph":[{"@type":"WebPage","@id":"https:\/\/monday.com\/p\/pt-br\/about\/","url":"https:\/\/monday.com\/p\/pt-br\/about\/","name":"Nossa hist\u00f3ria - monday.com","isPartOf":{"@id":"https:\/\/monday.com\/p\/pt-br\/#website"},"datePublished":"2022-12-12T08:00:23+00:00","dateModified":"2026-01-08T07:57:47+00:00","description":"A monday.com \u00e9 uma ferramenta que transforma a maneira como as equipes trabalham juntas. Nossa miss\u00e3o \u00e9 apoiar as empresas na constru\u00e7\u00e3o de uma cultura de transpar\u00eancia, capacitando todos a alcan\u00e7ar melhores resultados e serem mais felizes no trabalho. Somos movidos pela busca constante por excel\u00eancia e temos como objetivo criar uma ferramenta que as pessoas realmente amem usar.","breadcrumb":{"@id":"https:\/\/monday.com\/p\/pt-br\/about\/#breadcrumb"},"inLanguage":"pt-BR","potentialAction":[{"@type":"ReadAction","target":["https:\/\/monday.com\/p\/pt-br\/about\/"]}]},{"@type":"BreadcrumbList","@id":"https:\/\/monday.com\/p\/pt-br\/about\/#breadcrumb","itemListElement":[{"@type":"ListItem","position":1,"name":"Home","item":"https:\/\/monday.com\/p\/pt-br\/"},{"@type":"ListItem","position":2,"name":"About - BR"}]},{"@type":"WebSite","@id":"https:\/\/monday.com\/p\/pt-br\/#website","url":"https:\/\/monday.com\/p\/pt-br\/","name":"monday.com","description":"","potentialAction":[{"@type":"SearchAction","target":{"@type":"EntryPoint","urlTemplate":"https:\/\/monday.com\/p\/pt-br\/?s={search_term_string}"},"query-input":{"@type":"PropertyValueSpecification","valueRequired":true,"valueName":"search_term_string"}}],"inLanguage":"pt-BR"}]}},"_links":{"self":[{"href":"https:\/\/monday.com\/p\/pt-br\/wp-json\/wp\/v2\/pages\/48547","targetHints":{"allow":["GET"]}}],"collection":[{"href":"https:\/\/monday.com\/p\/pt-br\/wp-json\/wp\/v2\/pages"}],"about":[{"href":"https:\/\/monday.com\/p\/pt-br\/wp-json\/wp\/v2\/types\/page"}],"author":[{"embeddable":true,"href":"https:\/\/monday.com\/p\/pt-br\/wp-json\/wp\/v2\/users\/2"}],"replies":[{"embeddable":true,"href":"https:\/\/monday.com\/p\/pt-br\/wp-json\/wp\/v2\/comments?post=48547"}],"version-history":[{"count":2,"href":"https:\/\/monday.com\/p\/pt-br\/wp-json\/wp\/v2\/pages\/48547\/revisions"}],"predecessor-version":[{"id":48586,"href":"https:\/\/monday.com\/p\/pt-br\/wp-json\/wp\/v2\/pages\/48547\/revisions\/48586"}],"wp:attachment":[{"href":"https:\/\/monday.com\/p\/pt-br\/wp-json\/wp\/v2\/media?parent=48547"}],"curies":[{"name":"wp","href":"https:\/\/api.w.org\/{rel}","templated":true}]}}