{"id":48510,"date":"2022-12-12T08:00:23","date_gmt":"2022-12-12T08:00:23","guid":{"rendered":"https:\/\/monday.com\/p\/about-fr\/"},"modified":"2026-01-14T11:04:58","modified_gmt":"2026-01-14T11:04:58","slug":"about-fr","status":"publish","type":"page","link":"https:\/\/monday.com\/p\/fr\/about-fr\/","title":{"rendered":"About FR"},"content":{"rendered":"","protected":false},"excerpt":{"rendered":"","protected":false},"author":2,"featured_media":0,"parent":0,"menu_order":0,"comment_status":"closed","ping_status":"closed","template":"pages\/about-new.php","meta":{"_acf_changed":false,"inline_featured_image":false,"footnotes":""},"class_list":["post-48510","page","type-page","status-publish","hentry"],"acf":[],"yoast_head":"<!-- This site is optimized with the Yoast SEO plugin v25.2 - https:\/\/yoast.com\/wordpress\/plugins\/seo\/ -->\n<title>Notre histoire - monday.com<\/title>\n<meta name=\"description\" content=\"monday.com r\u00e9invente la collaboration en \u00e9quipe . Notre mission : instaurer une culture de transparence pour permettre \u00e0 chacun de progresser et de s\u2019\u00e9panouir. Nous d\u00e9ployons toute notre \u00e9nergie pour cr\u00e9er un produit de grande qualit\u00e9, pens\u00e9 pour \u00eatre r\u00e9ellement appr\u00e9ci\u00e9.\" \/>\n<meta name=\"robots\" content=\"index, follow, max-snippet:-1, max-image-preview:large, max-video-preview:-1\" \/>\n<link rel=\"canonical\" href=\"https:\/\/monday.com\/p\/fr\/about-fr\/\" \/>\n<meta property=\"og:locale\" content=\"fr_FR\" \/>\n<meta property=\"og:type\" content=\"article\" \/>\n<meta property=\"og:title\" content=\"Notre histoire - monday.com\" \/>\n<meta property=\"og:description\" content=\"monday.com r\u00e9invente la collaboration en \u00e9quipe . Notre mission : instaurer une culture de transparence pour permettre \u00e0 chacun de progresser et de s\u2019\u00e9panouir. Nous d\u00e9ployons toute notre \u00e9nergie pour cr\u00e9er un produit de grande qualit\u00e9, pens\u00e9 pour \u00eatre r\u00e9ellement appr\u00e9ci\u00e9.\" \/>\n<meta property=\"og:url\" content=\"https:\/\/monday.com\/p\/fr\/about-fr\/\" \/>\n<meta property=\"og:site_name\" content=\"monday.com\" \/>\n<meta property=\"article:modified_time\" content=\"2026-01-14T11:04:58+00:00\" \/>\n<meta property=\"og:image\" content=\"https:\/\/monday.com\/p\/wp-content\/uploads\/2020\/07\/monday-200x200-1.png\" \/>\n\t<meta property=\"og:image:width\" content=\"200\" \/>\n\t<meta property=\"og:image:height\" content=\"200\" \/>\n\t<meta property=\"og:image:type\" content=\"image\/png\" \/>\n<meta name=\"twitter:card\" content=\"summary_large_image\" \/>\n<script type=\"application\/ld+json\" class=\"yoast-schema-graph\">{\"@context\":\"https:\/\/schema.org\",\"@graph\":[{\"@type\":\"WebPage\",\"@id\":\"https:\/\/monday.com\/p\/fr\/about-fr\/\",\"url\":\"https:\/\/monday.com\/p\/fr\/about-fr\/\",\"name\":\"Notre histoire - monday.com\",\"isPartOf\":{\"@id\":\"https:\/\/monday.com\/p\/fr\/#website\"},\"datePublished\":\"2022-12-12T08:00:23+00:00\",\"dateModified\":\"2026-01-14T11:04:58+00:00\",\"description\":\"monday.com r\u00e9invente la collaboration en \u00e9quipe . Notre mission : instaurer une culture de transparence pour permettre \u00e0 chacun de progresser et de s\u2019\u00e9panouir. Nous d\u00e9ployons toute notre \u00e9nergie pour cr\u00e9er un produit de grande qualit\u00e9, pens\u00e9 pour \u00eatre r\u00e9ellement appr\u00e9ci\u00e9.\",\"breadcrumb\":{\"@id\":\"https:\/\/monday.com\/p\/fr\/about-fr\/#breadcrumb\"},\"inLanguage\":\"fr-FR\",\"potentialAction\":[{\"@type\":\"ReadAction\",\"target\":[\"https:\/\/monday.com\/p\/fr\/about-fr\/\"]}]},{\"@type\":\"BreadcrumbList\",\"@id\":\"https:\/\/monday.com\/p\/fr\/about-fr\/#breadcrumb\",\"itemListElement\":[{\"@type\":\"ListItem\",\"position\":1,\"name\":\"Home\",\"item\":\"https:\/\/monday.com\/p\/fr\/\"},{\"@type\":\"ListItem\",\"position\":2,\"name\":\"About FR\"}]},{\"@type\":\"WebSite\",\"@id\":\"https:\/\/monday.com\/p\/fr\/#website\",\"url\":\"https:\/\/monday.com\/p\/fr\/\",\"name\":\"monday.com\",\"description\":\"\",\"potentialAction\":[{\"@type\":\"SearchAction\",\"target\":{\"@type\":\"EntryPoint\",\"urlTemplate\":\"https:\/\/monday.com\/p\/fr\/?s={search_term_string}\"},\"query-input\":{\"@type\":\"PropertyValueSpecification\",\"valueRequired\":true,\"valueName\":\"search_term_string\"}}],\"inLanguage\":\"fr-FR\"}]}<\/script>\n<!-- \/ Yoast SEO plugin. -->","yoast_head_json":{"title":"Notre histoire - monday.com","description":"monday.com r\u00e9invente la collaboration en \u00e9quipe . Notre mission : instaurer une culture de transparence pour permettre \u00e0 chacun de progresser et de s\u2019\u00e9panouir. Nous d\u00e9ployons toute notre \u00e9nergie pour cr\u00e9er un produit de grande qualit\u00e9, pens\u00e9 pour \u00eatre r\u00e9ellement appr\u00e9ci\u00e9.","robots":{"index":"index","follow":"follow","max-snippet":"max-snippet:-1","max-image-preview":"max-image-preview:large","max-video-preview":"max-video-preview:-1"},"canonical":"https:\/\/monday.com\/p\/fr\/about-fr\/","og_locale":"fr_FR","og_type":"article","og_title":"Notre histoire - monday.com","og_description":"monday.com r\u00e9invente la collaboration en \u00e9quipe . Notre mission : instaurer une culture de transparence pour permettre \u00e0 chacun de progresser et de s\u2019\u00e9panouir. Nous d\u00e9ployons toute notre \u00e9nergie pour cr\u00e9er un produit de grande qualit\u00e9, pens\u00e9 pour \u00eatre r\u00e9ellement appr\u00e9ci\u00e9.","og_url":"https:\/\/monday.com\/p\/fr\/about-fr\/","og_site_name":"monday.com","article_modified_time":"2026-01-14T11:04:58+00:00","og_image":[{"width":200,"height":200,"url":"https:\/\/monday.com\/p\/wp-content\/uploads\/2020\/07\/monday-200x200-1.png","type":"image\/png"}],"twitter_card":"summary_large_image","schema":{"@context":"https:\/\/schema.org","@graph":[{"@type":"WebPage","@id":"https:\/\/monday.com\/p\/fr\/about-fr\/","url":"https:\/\/monday.com\/p\/fr\/about-fr\/","name":"Notre histoire - monday.com","isPartOf":{"@id":"https:\/\/monday.com\/p\/fr\/#website"},"datePublished":"2022-12-12T08:00:23+00:00","dateModified":"2026-01-14T11:04:58+00:00","description":"monday.com r\u00e9invente la collaboration en \u00e9quipe . Notre mission : instaurer une culture de transparence pour permettre \u00e0 chacun de progresser et de s\u2019\u00e9panouir. Nous d\u00e9ployons toute notre \u00e9nergie pour cr\u00e9er un produit de grande qualit\u00e9, pens\u00e9 pour \u00eatre r\u00e9ellement appr\u00e9ci\u00e9.","breadcrumb":{"@id":"https:\/\/monday.com\/p\/fr\/about-fr\/#breadcrumb"},"inLanguage":"fr-FR","potentialAction":[{"@type":"ReadAction","target":["https:\/\/monday.com\/p\/fr\/about-fr\/"]}]},{"@type":"BreadcrumbList","@id":"https:\/\/monday.com\/p\/fr\/about-fr\/#breadcrumb","itemListElement":[{"@type":"ListItem","position":1,"name":"Home","item":"https:\/\/monday.com\/p\/fr\/"},{"@type":"ListItem","position":2,"name":"About FR"}]},{"@type":"WebSite","@id":"https:\/\/monday.com\/p\/fr\/#website","url":"https:\/\/monday.com\/p\/fr\/","name":"monday.com","description":"","potentialAction":[{"@type":"SearchAction","target":{"@type":"EntryPoint","urlTemplate":"https:\/\/monday.com\/p\/fr\/?s={search_term_string}"},"query-input":{"@type":"PropertyValueSpecification","valueRequired":true,"valueName":"search_term_string"}}],"inLanguage":"fr-FR"}]}},"_links":{"self":[{"href":"https:\/\/monday.com\/p\/fr\/wp-json\/wp\/v2\/pages\/48510","targetHints":{"allow":["GET"]}}],"collection":[{"href":"https:\/\/monday.com\/p\/fr\/wp-json\/wp\/v2\/pages"}],"about":[{"href":"https:\/\/monday.com\/p\/fr\/wp-json\/wp\/v2\/types\/page"}],"author":[{"embeddable":true,"href":"https:\/\/monday.com\/p\/fr\/wp-json\/wp\/v2\/users\/2"}],"replies":[{"embeddable":true,"href":"https:\/\/monday.com\/p\/fr\/wp-json\/wp\/v2\/comments?post=48510"}],"version-history":[{"count":1,"href":"https:\/\/monday.com\/p\/fr\/wp-json\/wp\/v2\/pages\/48510\/revisions"}],"predecessor-version":[{"id":48511,"href":"https:\/\/monday.com\/p\/fr\/wp-json\/wp\/v2\/pages\/48510\/revisions\/48511"}],"wp:attachment":[{"href":"https:\/\/monday.com\/p\/fr\/wp-json\/wp\/v2\/media?parent=48510"}],"curies":[{"name":"wp","href":"https:\/\/api.w.org\/{rel}","templated":true}]}}