{"id":17702,"date":"2022-12-12T08:00:23","date_gmt":"2022-12-12T08:00:23","guid":{"rendered":"https:\/\/monday.com\/p\/uber-uns\/"},"modified":"2026-01-19T09:40:32","modified_gmt":"2026-01-19T09:40:32","slug":"about","status":"publish","type":"page","link":"https:\/\/monday.com\/p\/de\/about\/","title":{"rendered":"About us &#8211; german"},"content":{"rendered":"","protected":false},"excerpt":{"rendered":"","protected":false},"author":2,"featured_media":0,"parent":0,"menu_order":0,"comment_status":"closed","ping_status":"closed","template":"pages\/about-new.php","meta":{"_acf_changed":false,"inline_featured_image":false,"footnotes":""},"class_list":["post-17702","page","type-page","status-publish","hentry"],"acf":[],"yoast_head":"<!-- This site is optimized with the Yoast SEO plugin v25.2 - https:\/\/yoast.com\/wordpress\/plugins\/seo\/ -->\n<title>Unsere Geschichte \u2013 monday.com<\/title>\n<meta name=\"description\" content=\"monday.com ist ein Tool, das die Zusammenarbeit von Teams revolutioniert. Unsere Mission ist es, Teams dabei zu helfen, eine Kultur der Transparenz aufzubauen, damit jeder bei der Arbeit mehr erreichen kann und mehr Spa\u00df hat. Wir sind versessen darauf, ein au\u00dfergew\u00f6hnliches Produkt zu entwickeln und ein Tool zu schaffen, das die Leute gerne nutzen.\" \/>\n<meta name=\"robots\" content=\"index, follow, max-snippet:-1, max-image-preview:large, max-video-preview:-1\" \/>\n<link rel=\"canonical\" href=\"https:\/\/monday.com\/p\/de\/about\/\" \/>\n<meta property=\"og:locale\" content=\"de_DE\" \/>\n<meta property=\"og:type\" content=\"article\" \/>\n<meta property=\"og:title\" content=\"Unsere Geschichte \u2013 monday.com\" \/>\n<meta property=\"og:description\" content=\"monday.com ist ein Tool, das die Zusammenarbeit von Teams revolutioniert. Unsere Mission ist es, Teams dabei zu helfen, eine Kultur der Transparenz aufzubauen, damit jeder bei der Arbeit mehr erreichen kann und mehr Spa\u00df hat. Wir sind versessen darauf, ein au\u00dfergew\u00f6hnliches Produkt zu entwickeln und ein Tool zu schaffen, das die Leute gerne nutzen.\" \/>\n<meta property=\"og:url\" content=\"https:\/\/monday.com\/p\/de\/about\/\" \/>\n<meta property=\"og:site_name\" content=\"monday.com\" \/>\n<meta property=\"article:modified_time\" content=\"2026-01-19T09:40:32+00:00\" \/>\n<meta property=\"og:image\" content=\"https:\/\/monday.com\/p\/wp-content\/uploads\/2020\/07\/monday-200x200-1.png\" \/>\n\t<meta property=\"og:image:width\" content=\"200\" \/>\n\t<meta property=\"og:image:height\" content=\"200\" \/>\n\t<meta property=\"og:image:type\" content=\"image\/png\" \/>\n<meta name=\"twitter:card\" content=\"summary_large_image\" \/>\n<script type=\"application\/ld+json\" class=\"yoast-schema-graph\">{\"@context\":\"https:\/\/schema.org\",\"@graph\":[{\"@type\":\"WebPage\",\"@id\":\"https:\/\/monday.com\/p\/de\/about\/\",\"url\":\"https:\/\/monday.com\/p\/de\/about\/\",\"name\":\"Unsere Geschichte \u2013 monday.com\",\"isPartOf\":{\"@id\":\"https:\/\/monday.com\/p\/de\/#website\"},\"datePublished\":\"2022-12-12T08:00:23+00:00\",\"dateModified\":\"2026-01-19T09:40:32+00:00\",\"description\":\"monday.com ist ein Tool, das die Zusammenarbeit von Teams revolutioniert. Unsere Mission ist es, Teams dabei zu helfen, eine Kultur der Transparenz aufzubauen, damit jeder bei der Arbeit mehr erreichen kann und mehr Spa\u00df hat. Wir sind versessen darauf, ein au\u00dfergew\u00f6hnliches Produkt zu entwickeln und ein Tool zu schaffen, das die Leute gerne nutzen.\",\"breadcrumb\":{\"@id\":\"https:\/\/monday.com\/p\/de\/about\/#breadcrumb\"},\"inLanguage\":\"de\",\"potentialAction\":[{\"@type\":\"ReadAction\",\"target\":[\"https:\/\/monday.com\/p\/de\/about\/\"]}]},{\"@type\":\"BreadcrumbList\",\"@id\":\"https:\/\/monday.com\/p\/de\/about\/#breadcrumb\",\"itemListElement\":[{\"@type\":\"ListItem\",\"position\":1,\"name\":\"Home\",\"item\":\"https:\/\/monday.com\/p\/de\/\"},{\"@type\":\"ListItem\",\"position\":2,\"name\":\"About us - german\"}]},{\"@type\":\"WebSite\",\"@id\":\"https:\/\/monday.com\/p\/de\/#website\",\"url\":\"https:\/\/monday.com\/p\/de\/\",\"name\":\"monday.com\",\"description\":\"\",\"potentialAction\":[{\"@type\":\"SearchAction\",\"target\":{\"@type\":\"EntryPoint\",\"urlTemplate\":\"https:\/\/monday.com\/p\/de\/?s={search_term_string}\"},\"query-input\":{\"@type\":\"PropertyValueSpecification\",\"valueRequired\":true,\"valueName\":\"search_term_string\"}}],\"inLanguage\":\"de\"}]}<\/script>\n<!-- \/ Yoast SEO plugin. -->","yoast_head_json":{"title":"Unsere Geschichte \u2013 monday.com","description":"monday.com ist ein Tool, das die Zusammenarbeit von Teams revolutioniert. Unsere Mission ist es, Teams dabei zu helfen, eine Kultur der Transparenz aufzubauen, damit jeder bei der Arbeit mehr erreichen kann und mehr Spa\u00df hat. Wir sind versessen darauf, ein au\u00dfergew\u00f6hnliches Produkt zu entwickeln und ein Tool zu schaffen, das die Leute gerne nutzen.","robots":{"index":"index","follow":"follow","max-snippet":"max-snippet:-1","max-image-preview":"max-image-preview:large","max-video-preview":"max-video-preview:-1"},"canonical":"https:\/\/monday.com\/p\/de\/about\/","og_locale":"de_DE","og_type":"article","og_title":"Unsere Geschichte \u2013 monday.com","og_description":"monday.com ist ein Tool, das die Zusammenarbeit von Teams revolutioniert. Unsere Mission ist es, Teams dabei zu helfen, eine Kultur der Transparenz aufzubauen, damit jeder bei der Arbeit mehr erreichen kann und mehr Spa\u00df hat. Wir sind versessen darauf, ein au\u00dfergew\u00f6hnliches Produkt zu entwickeln und ein Tool zu schaffen, das die Leute gerne nutzen.","og_url":"https:\/\/monday.com\/p\/de\/about\/","og_site_name":"monday.com","article_modified_time":"2026-01-19T09:40:32+00:00","og_image":[{"width":200,"height":200,"url":"https:\/\/monday.com\/p\/wp-content\/uploads\/2020\/07\/monday-200x200-1.png","type":"image\/png"}],"twitter_card":"summary_large_image","schema":{"@context":"https:\/\/schema.org","@graph":[{"@type":"WebPage","@id":"https:\/\/monday.com\/p\/de\/about\/","url":"https:\/\/monday.com\/p\/de\/about\/","name":"Unsere Geschichte \u2013 monday.com","isPartOf":{"@id":"https:\/\/monday.com\/p\/de\/#website"},"datePublished":"2022-12-12T08:00:23+00:00","dateModified":"2026-01-19T09:40:32+00:00","description":"monday.com ist ein Tool, das die Zusammenarbeit von Teams revolutioniert. Unsere Mission ist es, Teams dabei zu helfen, eine Kultur der Transparenz aufzubauen, damit jeder bei der Arbeit mehr erreichen kann und mehr Spa\u00df hat. Wir sind versessen darauf, ein au\u00dfergew\u00f6hnliches Produkt zu entwickeln und ein Tool zu schaffen, das die Leute gerne nutzen.","breadcrumb":{"@id":"https:\/\/monday.com\/p\/de\/about\/#breadcrumb"},"inLanguage":"de","potentialAction":[{"@type":"ReadAction","target":["https:\/\/monday.com\/p\/de\/about\/"]}]},{"@type":"BreadcrumbList","@id":"https:\/\/monday.com\/p\/de\/about\/#breadcrumb","itemListElement":[{"@type":"ListItem","position":1,"name":"Home","item":"https:\/\/monday.com\/p\/de\/"},{"@type":"ListItem","position":2,"name":"About us - german"}]},{"@type":"WebSite","@id":"https:\/\/monday.com\/p\/de\/#website","url":"https:\/\/monday.com\/p\/de\/","name":"monday.com","description":"","potentialAction":[{"@type":"SearchAction","target":{"@type":"EntryPoint","urlTemplate":"https:\/\/monday.com\/p\/de\/?s={search_term_string}"},"query-input":{"@type":"PropertyValueSpecification","valueRequired":true,"valueName":"search_term_string"}}],"inLanguage":"de"}]}},"_links":{"self":[{"href":"https:\/\/monday.com\/p\/de\/wp-json\/wp\/v2\/pages\/17702","targetHints":{"allow":["GET"]}}],"collection":[{"href":"https:\/\/monday.com\/p\/de\/wp-json\/wp\/v2\/pages"}],"about":[{"href":"https:\/\/monday.com\/p\/de\/wp-json\/wp\/v2\/types\/page"}],"author":[{"embeddable":true,"href":"https:\/\/monday.com\/p\/de\/wp-json\/wp\/v2\/users\/2"}],"replies":[{"embeddable":true,"href":"https:\/\/monday.com\/p\/de\/wp-json\/wp\/v2\/comments?post=17702"}],"version-history":[{"count":6,"href":"https:\/\/monday.com\/p\/de\/wp-json\/wp\/v2\/pages\/17702\/revisions"}],"predecessor-version":[{"id":48608,"href":"https:\/\/monday.com\/p\/de\/wp-json\/wp\/v2\/pages\/17702\/revisions\/48608"}],"wp:attachment":[{"href":"https:\/\/monday.com\/p\/de\/wp-json\/wp\/v2\/media?parent=17702"}],"curies":[{"name":"wp","href":"https:\/\/api.w.org\/{rel}","templated":true}]}}