{"id":12679,"date":"2020-05-26T09:56:42","date_gmt":"2020-05-26T09:56:42","guid":{"rendered":"https:\/\/staging-mondaycomblog.kinsta.cloud\/?page_id=12679"},"modified":"2024-10-15T12:51:22","modified_gmt":"2024-10-15T12:51:22","slug":"12679-2","status":"publish","type":"page","link":"https:\/\/monday.com\/blog\/fr\/","title":{"rendered":""},"content":{"rendered":"","protected":false},"excerpt":{"rendered":"","protected":false},"author":68,"featured_media":0,"parent":0,"menu_order":0,"comment_status":"closed","ping_status":"closed","template":"pages\/home-primary.php","meta":{"_acf_changed":false,"_yoast_wpseo_title":"monday.com blog en fran\u00e7ais","_yoast_wpseo_metadesc":"Inspirez-vous des articles du blog de monday et d\u00e9couvrez comment am\u00e9liorer votre travail d'\u00e9quipe. Vous verrez, que prendre du plaisir \u00e0 travailler donne de meilleurs r\u00e9sultats.","footnotes":"","_links_to":"","_links_to_target":""},"class_list":["post-12679","page","type-page","status-publish","hentry"],"acf":{"hero_intro":[12415,14526,12549],"slider":[14497,18208,12349],"hot_of_the_press":[68367,16300,72150,61934,61937,50940],"hotp_color":"purple","wide_featured_posts":[16751],"product_updates_title":"","most_popular_title":"Le plus consult\u00e9","work_management_title":"Gestion du travail","crm_and_sales_title":"Ventes et CRM","explore_more_title":"Plus de contenu","carousel_slides":[{"slide_post":[139490],"slide_background":"default","slide_thumbnail":false},{"slide_post":[139146],"slide_background":"default","slide_thumbnail":false},{"slide_post":[61935],"slide_background":"default","slide_thumbnail":false}],"featured_posts":[13739,14991],"sidebar_color_banner":[139854],"rnd_title":"Gestion de produit"},"yoast_head":"<!-- This site is optimized with the Yoast SEO Premium plugin v26.6 (Yoast SEO v26.6) - https:\/\/yoast.com\/wordpress\/plugins\/seo\/ -->\n<title>monday.com blog en fran\u00e7ais<\/title>\n<meta name=\"description\" content=\"Inspirez-vous des articles du blog de monday et d\u00e9couvrez comment am\u00e9liorer votre travail d&#039;\u00e9quipe. Vous verrez, que prendre du plaisir \u00e0 travailler donne de meilleurs r\u00e9sultats.\" \/>\n<meta name=\"robots\" content=\"index, follow, max-snippet:-1, max-image-preview:large, max-video-preview:-1\" \/>\n<link rel=\"canonical\" href=\"https:\/\/monday.com\/blog\/fr\/\" \/>\n<meta property=\"og:locale\" content=\"fr_FR\" \/>\n<meta property=\"og:type\" content=\"article\" \/>\n<meta property=\"og:description\" content=\"Inspirez-vous des articles du blog de monday et d\u00e9couvrez comment am\u00e9liorer votre travail d&#039;\u00e9quipe. Vous verrez, que prendre du plaisir \u00e0 travailler donne de meilleurs r\u00e9sultats.\" \/>\n<meta property=\"og:url\" content=\"https:\/\/monday.com\/blog\/fr\/\" \/>\n<meta property=\"og:site_name\" content=\"monday.com Blog\" \/>\n<meta property=\"article:modified_time\" content=\"2024-10-15T12:51:22+00:00\" \/>\n<meta property=\"og:image\" content=\"https:\/\/monday.com\/blog\/wp-content\/uploads\/2018\/02\/22852120_1266763086768693_6004893502123596052_n.png\" \/>\n\t<meta property=\"og:image:width\" content=\"960\" \/>\n\t<meta property=\"og:image:height\" content=\"960\" \/>\n\t<meta property=\"og:image:type\" content=\"image\/png\" \/>\n<meta name=\"twitter:card\" content=\"summary_large_image\" \/>\n<script type=\"application\/ld+json\" class=\"yoast-schema-graph\">{\"@context\":\"https:\/\/schema.org\",\"@graph\":[{\"@type\":\"WebPage\",\"@id\":\"https:\/\/monday.com\/blog\/fr\/\",\"url\":\"https:\/\/monday.com\/blog\/fr\/\",\"name\":\"monday.com blog en fran\u00e7ais\",\"isPartOf\":{\"@id\":\"https:\/\/monday.com\/blog\/#website\"},\"datePublished\":\"2020-05-26T09:56:42+00:00\",\"dateModified\":\"2024-10-15T12:51:22+00:00\",\"description\":\"Inspirez-vous des articles du blog de monday et d\u00e9couvrez comment am\u00e9liorer votre travail d'\u00e9quipe. Vous verrez, que prendre du plaisir \u00e0 travailler donne de meilleurs r\u00e9sultats.\",\"inLanguage\":\"fr-FR\",\"potentialAction\":[{\"@type\":\"ReadAction\",\"target\":[\"https:\/\/monday.com\/blog\/fr\/\"]}]},{\"@type\":\"WebSite\",\"@id\":\"https:\/\/monday.com\/blog\/#website\",\"url\":\"https:\/\/monday.com\/blog\/\",\"name\":\"monday.com Blog\",\"description\":\"\",\"publisher\":{\"@id\":\"https:\/\/monday.com\/blog\/#organization\"},\"potentialAction\":[{\"@type\":\"SearchAction\",\"target\":{\"@type\":\"EntryPoint\",\"urlTemplate\":\"https:\/\/monday.com\/blog\/?s={search_term_string}\"},\"query-input\":{\"@type\":\"PropertyValueSpecification\",\"valueRequired\":true,\"valueName\":\"search_term_string\"}}],\"inLanguage\":\"fr-FR\"},{\"@type\":\"Organization\",\"@id\":\"https:\/\/monday.com\/blog\/#organization\",\"name\":\"monday.com Blog\",\"url\":\"https:\/\/monday.com\/blog\/\",\"logo\":{\"@type\":\"ImageObject\",\"inLanguage\":\"fr-FR\",\"@id\":\"https:\/\/monday.com\/blog\/#\/schema\/logo\/image\/\",\"url\":\"https:\/\/res.cloudinary.com\/monday-blogs\/fl_lossy,f_auto,q_auto\/wp-blog\/2020\/12\/monday.com-logo-1.png\",\"contentUrl\":\"https:\/\/res.cloudinary.com\/monday-blogs\/fl_lossy,f_auto,q_auto\/wp-blog\/2020\/12\/monday.com-logo-1.png\",\"width\":200,\"height\":200,\"caption\":\"monday.com Blog\"},\"image\":{\"@id\":\"https:\/\/monday.com\/blog\/#\/schema\/logo\/image\/\"}}]}<\/script>\n<!-- \/ Yoast SEO Premium plugin. -->","yoast_head_json":{"title":"monday.com blog en fran\u00e7ais","description":"Inspirez-vous des articles du blog de monday et d\u00e9couvrez comment am\u00e9liorer votre travail d'\u00e9quipe. Vous verrez, que prendre du plaisir \u00e0 travailler donne de meilleurs r\u00e9sultats.","robots":{"index":"index","follow":"follow","max-snippet":"max-snippet:-1","max-image-preview":"max-image-preview:large","max-video-preview":"max-video-preview:-1"},"canonical":"https:\/\/monday.com\/blog\/fr\/","og_locale":"fr_FR","og_type":"article","og_description":"Inspirez-vous des articles du blog de monday et d\u00e9couvrez comment am\u00e9liorer votre travail d'\u00e9quipe. Vous verrez, que prendre du plaisir \u00e0 travailler donne de meilleurs r\u00e9sultats.","og_url":"https:\/\/monday.com\/blog\/fr\/","og_site_name":"monday.com Blog","article_modified_time":"2024-10-15T12:51:22+00:00","og_image":[{"width":960,"height":960,"url":"https:\/\/monday.com\/blog\/wp-content\/uploads\/2018\/02\/22852120_1266763086768693_6004893502123596052_n.png","type":"image\/png"}],"twitter_card":"summary_large_image","schema":{"@context":"https:\/\/schema.org","@graph":[{"@type":"WebPage","@id":"https:\/\/monday.com\/blog\/fr\/","url":"https:\/\/monday.com\/blog\/fr\/","name":"monday.com blog en fran\u00e7ais","isPartOf":{"@id":"https:\/\/monday.com\/blog\/#website"},"datePublished":"2020-05-26T09:56:42+00:00","dateModified":"2024-10-15T12:51:22+00:00","description":"Inspirez-vous des articles du blog de monday et d\u00e9couvrez comment am\u00e9liorer votre travail d'\u00e9quipe. Vous verrez, que prendre du plaisir \u00e0 travailler donne de meilleurs r\u00e9sultats.","inLanguage":"fr-FR","potentialAction":[{"@type":"ReadAction","target":["https:\/\/monday.com\/blog\/fr\/"]}]},{"@type":"WebSite","@id":"https:\/\/monday.com\/blog\/#website","url":"https:\/\/monday.com\/blog\/","name":"monday.com Blog","description":"","publisher":{"@id":"https:\/\/monday.com\/blog\/#organization"},"potentialAction":[{"@type":"SearchAction","target":{"@type":"EntryPoint","urlTemplate":"https:\/\/monday.com\/blog\/?s={search_term_string}"},"query-input":{"@type":"PropertyValueSpecification","valueRequired":true,"valueName":"search_term_string"}}],"inLanguage":"fr-FR"},{"@type":"Organization","@id":"https:\/\/monday.com\/blog\/#organization","name":"monday.com Blog","url":"https:\/\/monday.com\/blog\/","logo":{"@type":"ImageObject","inLanguage":"fr-FR","@id":"https:\/\/monday.com\/blog\/#\/schema\/logo\/image\/","url":"https:\/\/res.cloudinary.com\/monday-blogs\/fl_lossy,f_auto,q_auto\/wp-blog\/2020\/12\/monday.com-logo-1.png","contentUrl":"https:\/\/res.cloudinary.com\/monday-blogs\/fl_lossy,f_auto,q_auto\/wp-blog\/2020\/12\/monday.com-logo-1.png","width":200,"height":200,"caption":"monday.com Blog"},"image":{"@id":"https:\/\/monday.com\/blog\/#\/schema\/logo\/image\/"}}]}},"_links":{"self":[{"href":"https:\/\/monday.com\/blog\/fr\/wp-json\/wp\/v2\/pages\/12679","targetHints":{"allow":["GET"]}}],"collection":[{"href":"https:\/\/monday.com\/blog\/fr\/wp-json\/wp\/v2\/pages"}],"about":[{"href":"https:\/\/monday.com\/blog\/fr\/wp-json\/wp\/v2\/types\/page"}],"author":[{"embeddable":true,"href":"https:\/\/monday.com\/blog\/fr\/wp-json\/wp\/v2\/users\/68"}],"replies":[{"embeddable":true,"href":"https:\/\/monday.com\/blog\/fr\/wp-json\/wp\/v2\/comments?post=12679"}],"version-history":[{"count":14,"href":"https:\/\/monday.com\/blog\/fr\/wp-json\/wp\/v2\/pages\/12679\/revisions"}],"predecessor-version":[{"id":165589,"href":"https:\/\/monday.com\/blog\/fr\/wp-json\/wp\/v2\/pages\/12679\/revisions\/165589"}],"wp:attachment":[{"href":"https:\/\/monday.com\/blog\/fr\/wp-json\/wp\/v2\/media?parent=12679"}],"curies":[{"name":"wp","href":"https:\/\/api.w.org\/{rel}","templated":true}]}}