{"id":11020,"date":"2020-04-07T14:25:47","date_gmt":"2020-04-07T14:25:47","guid":{"rendered":"https:\/\/staging-mondaycomblog.kinsta.cloud\/?page_id=11020"},"modified":"2024-12-24T11:38:47","modified_gmt":"2024-12-24T11:38:47","slug":"blog-home-es","status":"publish","type":"page","link":"https:\/\/monday.com\/blog\/es\/","title":{"rendered":"Blog Home ES"},"content":{"rendered":"","protected":false},"excerpt":{"rendered":"","protected":false},"author":4,"featured_media":0,"parent":0,"menu_order":0,"comment_status":"closed","ping_status":"closed","template":"pages\/home-primary.php","meta":{"_acf_changed":false,"_yoast_wpseo_title":"monday.com blog en espa\u00f1ol","_yoast_wpseo_metadesc":"Nosotros creemos que disfrutar el trabajo en equipo trae mejores resultados - Insp\u00edrate con nuestras entradas de blog y lee acerca de como mejorar el trabajo con tus miembros de equipo","footnotes":"","_links_to":"","_links_to_target":""},"class_list":["post-11020","page","type-page","status-publish","hentry"],"acf":{"main_banner_title":"","display_blogs":false,"main_banner_subtitle":"","hero_intro":[68361,11411,9882],"slider":[9987,16853,16750,10017],"hot_of_the_press":[13067,14717,63719,20084,13052,10571],"hotp_color":"purple","wide_featured_posts":[150256,63867],"product_updates_title":"","most_popular_title":"Lo m\u00e1s reciente","work_management_title":"Gesti\u00f3n del trabajo","crm_and_sales_title":"CRM y ventas","explore_more_title":"Explora m\u00e1s contenido","carousel_slides":[{"slide_post":[152648],"slide_background":"default","slide_thumbnail":false},{"slide_post":[152790],"slide_background":"default","slide_thumbnail":false},{"slide_post":[154593],"slide_background":"default","slide_thumbnail":false}],"featured_posts":[151453,20084],"sidebar_color_banner":"","rnd_title":"Dessarollo"},"yoast_head":"<!-- This site is optimized with the Yoast SEO Premium plugin v26.6 (Yoast SEO v26.6) - https:\/\/yoast.com\/wordpress\/plugins\/seo\/ -->\n<title>monday.com blog en espa\u00f1ol<\/title>\n<meta name=\"description\" content=\"Nosotros creemos que disfrutar el trabajo en equipo trae mejores resultados - Insp\u00edrate con nuestras entradas de blog y lee acerca de como mejorar el trabajo con tus miembros de equipo\" \/>\n<meta name=\"robots\" content=\"index, follow, max-snippet:-1, max-image-preview:large, max-video-preview:-1\" \/>\n<link rel=\"canonical\" href=\"https:\/\/monday.com\/blog\/es\/\" \/>\n<meta property=\"og:locale\" content=\"es_ES\" \/>\n<meta property=\"og:type\" content=\"article\" \/>\n<meta property=\"og:title\" content=\"Blog Home ES\" \/>\n<meta property=\"og:description\" content=\"Nosotros creemos que disfrutar el trabajo en equipo trae mejores resultados - Insp\u00edrate con nuestras entradas de blog y lee acerca de como mejorar el trabajo con tus miembros de equipo\" \/>\n<meta property=\"og:url\" content=\"https:\/\/monday.com\/blog\/es\/\" \/>\n<meta property=\"og:site_name\" content=\"monday.com Blog\" \/>\n<meta property=\"article:modified_time\" content=\"2024-12-24T11:38:47+00:00\" \/>\n<meta property=\"og:image\" content=\"https:\/\/monday.com\/blog\/wp-content\/uploads\/2018\/02\/22852120_1266763086768693_6004893502123596052_n.png\" \/>\n\t<meta property=\"og:image:width\" content=\"960\" \/>\n\t<meta property=\"og:image:height\" content=\"960\" \/>\n\t<meta property=\"og:image:type\" content=\"image\/png\" \/>\n<meta name=\"twitter:card\" content=\"summary_large_image\" \/>\n<script type=\"application\/ld+json\" class=\"yoast-schema-graph\">{\"@context\":\"https:\/\/schema.org\",\"@graph\":[{\"@type\":\"WebPage\",\"@id\":\"https:\/\/monday.com\/blog\/es\/\",\"url\":\"https:\/\/monday.com\/blog\/es\/\",\"name\":\"monday.com blog en espa\u00f1ol\",\"isPartOf\":{\"@id\":\"https:\/\/monday.com\/blog\/#website\"},\"datePublished\":\"2020-04-07T14:25:47+00:00\",\"dateModified\":\"2024-12-24T11:38:47+00:00\",\"description\":\"Nosotros creemos que disfrutar el trabajo en equipo trae mejores resultados - Insp\u00edrate con nuestras entradas de blog y lee acerca de como mejorar el trabajo con tus miembros de equipo\",\"breadcrumb\":{\"@id\":\"https:\/\/monday.com\/blog\/es\/#breadcrumb\"},\"inLanguage\":\"es\",\"potentialAction\":[{\"@type\":\"ReadAction\",\"target\":[\"https:\/\/monday.com\/blog\/es\/\"]}]},{\"@type\":\"BreadcrumbList\",\"@id\":\"https:\/\/monday.com\/blog\/es\/#breadcrumb\",\"itemListElement\":[{\"@type\":\"ListItem\",\"position\":1,\"name\":\"Inicio\",\"item\":\"https:\/\/monday.com\/blog\/es\/\"},{\"@type\":\"ListItem\",\"position\":2,\"name\":\"Blog Home ES\"}]},{\"@type\":\"WebSite\",\"@id\":\"https:\/\/monday.com\/blog\/#website\",\"url\":\"https:\/\/monday.com\/blog\/\",\"name\":\"monday.com Blog\",\"description\":\"\",\"publisher\":{\"@id\":\"https:\/\/monday.com\/blog\/#organization\"},\"potentialAction\":[{\"@type\":\"SearchAction\",\"target\":{\"@type\":\"EntryPoint\",\"urlTemplate\":\"https:\/\/monday.com\/blog\/?s={search_term_string}\"},\"query-input\":{\"@type\":\"PropertyValueSpecification\",\"valueRequired\":true,\"valueName\":\"search_term_string\"}}],\"inLanguage\":\"es\"},{\"@type\":\"Organization\",\"@id\":\"https:\/\/monday.com\/blog\/#organization\",\"name\":\"monday.com Blog\",\"url\":\"https:\/\/monday.com\/blog\/\",\"logo\":{\"@type\":\"ImageObject\",\"inLanguage\":\"es\",\"@id\":\"https:\/\/monday.com\/blog\/#\/schema\/logo\/image\/\",\"url\":\"https:\/\/res.cloudinary.com\/monday-blogs\/fl_lossy,f_auto,q_auto\/wp-blog\/2020\/12\/monday.com-logo-1.png\",\"contentUrl\":\"https:\/\/res.cloudinary.com\/monday-blogs\/fl_lossy,f_auto,q_auto\/wp-blog\/2020\/12\/monday.com-logo-1.png\",\"width\":200,\"height\":200,\"caption\":\"monday.com Blog\"},\"image\":{\"@id\":\"https:\/\/monday.com\/blog\/#\/schema\/logo\/image\/\"}}]}<\/script>\n<!-- \/ Yoast SEO Premium plugin. -->","yoast_head_json":{"title":"monday.com blog en espa\u00f1ol","description":"Nosotros creemos que disfrutar el trabajo en equipo trae mejores resultados - Insp\u00edrate con nuestras entradas de blog y lee acerca de como mejorar el trabajo con tus miembros de equipo","robots":{"index":"index","follow":"follow","max-snippet":"max-snippet:-1","max-image-preview":"max-image-preview:large","max-video-preview":"max-video-preview:-1"},"canonical":"https:\/\/monday.com\/blog\/es\/","og_locale":"es_ES","og_type":"article","og_title":"Blog Home ES","og_description":"Nosotros creemos que disfrutar el trabajo en equipo trae mejores resultados - Insp\u00edrate con nuestras entradas de blog y lee acerca de como mejorar el trabajo con tus miembros de equipo","og_url":"https:\/\/monday.com\/blog\/es\/","og_site_name":"monday.com Blog","article_modified_time":"2024-12-24T11:38:47+00:00","og_image":[{"width":960,"height":960,"url":"https:\/\/monday.com\/blog\/wp-content\/uploads\/2018\/02\/22852120_1266763086768693_6004893502123596052_n.png","type":"image\/png"}],"twitter_card":"summary_large_image","schema":{"@context":"https:\/\/schema.org","@graph":[{"@type":"WebPage","@id":"https:\/\/monday.com\/blog\/es\/","url":"https:\/\/monday.com\/blog\/es\/","name":"monday.com blog en espa\u00f1ol","isPartOf":{"@id":"https:\/\/monday.com\/blog\/#website"},"datePublished":"2020-04-07T14:25:47+00:00","dateModified":"2024-12-24T11:38:47+00:00","description":"Nosotros creemos que disfrutar el trabajo en equipo trae mejores resultados - Insp\u00edrate con nuestras entradas de blog y lee acerca de como mejorar el trabajo con tus miembros de equipo","breadcrumb":{"@id":"https:\/\/monday.com\/blog\/es\/#breadcrumb"},"inLanguage":"es","potentialAction":[{"@type":"ReadAction","target":["https:\/\/monday.com\/blog\/es\/"]}]},{"@type":"BreadcrumbList","@id":"https:\/\/monday.com\/blog\/es\/#breadcrumb","itemListElement":[{"@type":"ListItem","position":1,"name":"Inicio","item":"https:\/\/monday.com\/blog\/es\/"},{"@type":"ListItem","position":2,"name":"Blog Home ES"}]},{"@type":"WebSite","@id":"https:\/\/monday.com\/blog\/#website","url":"https:\/\/monday.com\/blog\/","name":"monday.com Blog","description":"","publisher":{"@id":"https:\/\/monday.com\/blog\/#organization"},"potentialAction":[{"@type":"SearchAction","target":{"@type":"EntryPoint","urlTemplate":"https:\/\/monday.com\/blog\/?s={search_term_string}"},"query-input":{"@type":"PropertyValueSpecification","valueRequired":true,"valueName":"search_term_string"}}],"inLanguage":"es"},{"@type":"Organization","@id":"https:\/\/monday.com\/blog\/#organization","name":"monday.com Blog","url":"https:\/\/monday.com\/blog\/","logo":{"@type":"ImageObject","inLanguage":"es","@id":"https:\/\/monday.com\/blog\/#\/schema\/logo\/image\/","url":"https:\/\/res.cloudinary.com\/monday-blogs\/fl_lossy,f_auto,q_auto\/wp-blog\/2020\/12\/monday.com-logo-1.png","contentUrl":"https:\/\/res.cloudinary.com\/monday-blogs\/fl_lossy,f_auto,q_auto\/wp-blog\/2020\/12\/monday.com-logo-1.png","width":200,"height":200,"caption":"monday.com Blog"},"image":{"@id":"https:\/\/monday.com\/blog\/#\/schema\/logo\/image\/"}}]}},"_links":{"self":[{"href":"https:\/\/monday.com\/blog\/es\/wp-json\/wp\/v2\/pages\/11020","targetHints":{"allow":["GET"]}}],"collection":[{"href":"https:\/\/monday.com\/blog\/es\/wp-json\/wp\/v2\/pages"}],"about":[{"href":"https:\/\/monday.com\/blog\/es\/wp-json\/wp\/v2\/types\/page"}],"author":[{"embeddable":true,"href":"https:\/\/monday.com\/blog\/es\/wp-json\/wp\/v2\/users\/4"}],"replies":[{"embeddable":true,"href":"https:\/\/monday.com\/blog\/es\/wp-json\/wp\/v2\/comments?post=11020"}],"version-history":[{"count":3,"href":"https:\/\/monday.com\/blog\/es\/wp-json\/wp\/v2\/pages\/11020\/revisions"}],"predecessor-version":[{"id":212418,"href":"https:\/\/monday.com\/blog\/es\/wp-json\/wp\/v2\/pages\/11020\/revisions\/212418"}],"wp:attachment":[{"href":"https:\/\/monday.com\/blog\/es\/wp-json\/wp\/v2\/media?parent=11020"}],"curies":[{"name":"wp","href":"https:\/\/api.w.org\/{rel}","templated":true}]}}